{"id":5001,"date":"2022-03-04T13:14:40","date_gmt":"2022-03-04T13:14:40","guid":{"rendered":"https:\/\/rededor2021.blendon.com.br\/creditos\/"},"modified":"2022-06-02T21:41:01","modified_gmt":"2022-06-02T21:41:01","slug":"credits","status":"publish","type":"page","link":"https:\/\/rededor2021.blendon.com.br\/en\/credits\/","title":{"rendered":"Credits"},"content":{"rendered":"\n<div class=\"wp-block-columns\">\n<div class=\"wp-block-column\" style=\"flex-basis:33.33%\">\n<p><strong><mark style=\"background-color:rgba(0, 0, 0, 0);color:#005da9\" class=\"has-inline-color\">A Rede D\u2019Or S\u00e3o Luiz publication<br><\/mark><\/strong>www.rededorsaoluiz.com.br<\/p>\n\n\n\n<p><strong><mark style=\"background-color:rgba(0, 0, 0, 0);color:#005da9\" class=\"has-inline-color\">Coordination<br><\/mark><\/strong>Ger\u00eancia de Sustentabilidade RDSL<\/p>\n\n\n\n<p><strong><mark style=\"background-color:rgba(0, 0, 0, 0);color:#005da9\" class=\"has-inline-color\">GRI consulting<br><\/mark><\/strong>Lanakan\u00e1<br><a href=\"http:\/\/www.lanakana.com.br\" target=\"_blank\" rel=\"noreferrer noopener\">www.lanakana.com.br<\/a><\/p>\n\n\n\n<p><strong><mark style=\"background-color:rgba(0, 0, 0, 0);color:#005da9\" class=\"has-inline-color\">Graphic project<br><\/mark><\/strong>blendON<br><a href=\"http:\/\/www.blendon.com.br\" target=\"_blank\" rel=\"noreferrer noopener\">www.blendon.com.br<\/a><\/p>\n\n\n\n<p><strong><mark style=\"background-color:rgba(0, 0, 0, 0);color:#005da9\" class=\"has-inline-color\">Imagens<br><\/mark><\/strong>Rede D\u2019Or Sao Luiz image bank Envato Elements<br>Photo page 171: Shilton Ara\u00fajo\/Esp.DP<\/p>\n<\/div>\n\n\n\n<div class=\"wp-block-column\" style=\"flex-basis:66.66%\">\n<figure class=\"wp-block-image size-full\"><img loading=\"lazy\" width=\"642\" height=\"582\" src=\"https:\/\/rededor2021.blendon.com.br\/wp-content\/uploads\/2022\/05\/creditos-2.png\" alt=\"\" class=\"wp-image-4365\" srcset=\"https:\/\/rededor2021.blendon.com.br\/wp-content\/uploads\/2022\/05\/creditos-2.png 642w, https:\/\/rededor2021.blendon.com.br\/wp-content\/uploads\/2022\/05\/creditos-2-300x272.png 300w\" sizes=\"(max-width: 642px) 100vw, 642px\" \/><\/figure>\n<\/div>\n<\/div>\n\n\n\n<p><\/p>\n\n\n\n<p><\/p>\n","protected":false},"excerpt":{"rendered":"<p>A Rede D\u2019Or S\u00e3o Luiz publicationwww.rededorsaoluiz.com.br CoordinationGer\u00eancia de Sustentabilidade RDSL GRI consultingLanakan\u00e1www.lanakana.com.br Graphic projectblendONwww.blendon.com.br ImagensRede D\u2019Or Sao Luiz image bank Envato ElementsPhoto page 171: Shilton Ara\u00fajo\/Esp.DP<\/p>\n","protected":false},"author":2,"featured_media":4588,"parent":0,"menu_order":0,"comment_status":"closed","ping_status":"closed","template":"","meta":{"site-sidebar-layout":"default","site-content-layout":"default","ast-main-header-display":"","ast-hfb-above-header-display":"","ast-hfb-below-header-display":"","ast-hfb-mobile-header-display":"","site-post-title":"","ast-breadcrumbs-content":"","ast-featured-img":"","footer-sml-layout":"","theme-transparent-header-meta":"","adv-header-id-meta":"","stick-header-meta":"","header-above-stick-meta":"","header-main-stick-meta":"","header-below-stick-meta":""},"acf":[],"yoast_head":"<!-- This site is optimized with the Yoast SEO plugin v18.5.1 - https:\/\/yoast.com\/wordpress\/plugins\/seo\/ -->\n<title>Credits - Rede D\u00b4Or<\/title>\n<meta name=\"robots\" content=\"index, follow, max-snippet:-1, max-image-preview:large, max-video-preview:-1\" \/>\n<link rel=\"canonical\" href=\"https:\/\/rededor2021.blendon.com.br\/en\/credits\/\" \/>\n<meta property=\"og:locale\" content=\"en_US\" \/>\n<meta property=\"og:type\" content=\"article\" \/>\n<meta property=\"og:title\" content=\"Credits - Rede D\u00b4Or\" \/>\n<meta property=\"og:description\" content=\"A Rede D\u2019Or S\u00e3o Luiz publicationwww.rededorsaoluiz.com.br CoordinationGer\u00eancia de Sustentabilidade RDSL GRI consultingLanakan\u00e1www.lanakana.com.br Graphic projectblendONwww.blendon.com.br ImagensRede D\u2019Or Sao Luiz image bank Envato ElementsPhoto page 171: Shilton Ara\u00fajo\/Esp.DP\" \/>\n<meta property=\"og:url\" content=\"https:\/\/rededor2021.blendon.com.br\/en\/credits\/\" \/>\n<meta property=\"og:site_name\" content=\"Rede D\u00b4Or\" \/>\n<meta property=\"article:modified_time\" content=\"2022-06-02T21:41:01+00:00\" \/>\n<meta property=\"og:image\" content=\"https:\/\/rededor2021.blendon.com.br\/wp-content\/uploads\/2022\/05\/creditos-2.png\" \/>\n<meta name=\"twitter:card\" content=\"summary_large_image\" \/>\n<meta name=\"twitter:label1\" content=\"Est. reading time\" \/>\n\t<meta name=\"twitter:data1\" content=\"1 minute\" \/>\n<script type=\"application\/ld+json\" class=\"yoast-schema-graph\">{\"@context\":\"https:\/\/schema.org\",\"@graph\":[{\"@type\":\"WebSite\",\"@id\":\"https:\/\/rededor2021.blendon.com.br\/#website\",\"url\":\"https:\/\/rededor2021.blendon.com.br\/\",\"name\":\"Rede D\u00b4Or\",\"description\":\"A maior rede integrada de cuidados em sa\u00fade no Brasil\",\"potentialAction\":[{\"@type\":\"SearchAction\",\"target\":{\"@type\":\"EntryPoint\",\"urlTemplate\":\"https:\/\/rededor2021.blendon.com.br\/?s={search_term_string}\"},\"query-input\":\"required name=search_term_string\"}],\"inLanguage\":\"en-US\"},{\"@type\":\"ImageObject\",\"@id\":\"https:\/\/rededor2021.blendon.com.br\/en\/credits\/#primaryimage\",\"inLanguage\":\"en-US\",\"url\":\"https:\/\/rededor2021.blendon.com.br\/wp-content\/uploads\/2022\/03\/imagem-header-default.jpg\",\"contentUrl\":\"https:\/\/rededor2021.blendon.com.br\/wp-content\/uploads\/2022\/03\/imagem-header-default.jpg\",\"width\":1440,\"height\":400},{\"@type\":\"WebPage\",\"@id\":\"https:\/\/rededor2021.blendon.com.br\/en\/credits\/#webpage\",\"url\":\"https:\/\/rededor2021.blendon.com.br\/en\/credits\/\",\"name\":\"Credits - Rede D\u00b4Or\",\"isPartOf\":{\"@id\":\"https:\/\/rededor2021.blendon.com.br\/#website\"},\"primaryImageOfPage\":{\"@id\":\"https:\/\/rededor2021.blendon.com.br\/en\/credits\/#primaryimage\"},\"datePublished\":\"2022-03-04T13:14:40+00:00\",\"dateModified\":\"2022-06-02T21:41:01+00:00\",\"breadcrumb\":{\"@id\":\"https:\/\/rededor2021.blendon.com.br\/en\/credits\/#breadcrumb\"},\"inLanguage\":\"en-US\",\"potentialAction\":[{\"@type\":\"ReadAction\",\"target\":[\"https:\/\/rededor2021.blendon.com.br\/en\/credits\/\"]}]},{\"@type\":\"BreadcrumbList\",\"@id\":\"https:\/\/rededor2021.blendon.com.br\/en\/credits\/#breadcrumb\",\"itemListElement\":[{\"@type\":\"ListItem\",\"position\":1,\"name\":\"In\u00edcio\",\"item\":\"https:\/\/rededor2021.blendon.com.br\/en\/\"},{\"@type\":\"ListItem\",\"position\":2,\"name\":\"Credits\"}]}]}<\/script>\n<!-- \/ Yoast SEO plugin. -->","yoast_head_json":{"title":"Credits - Rede D\u00b4Or","robots":{"index":"index","follow":"follow","max-snippet":"max-snippet:-1","max-image-preview":"max-image-preview:large","max-video-preview":"max-video-preview:-1"},"canonical":"https:\/\/rededor2021.blendon.com.br\/en\/credits\/","og_locale":"en_US","og_type":"article","og_title":"Credits - Rede D\u00b4Or","og_description":"A Rede D\u2019Or S\u00e3o Luiz publicationwww.rededorsaoluiz.com.br CoordinationGer\u00eancia de Sustentabilidade RDSL GRI consultingLanakan\u00e1www.lanakana.com.br Graphic projectblendONwww.blendon.com.br ImagensRede D\u2019Or Sao Luiz image bank Envato ElementsPhoto page 171: Shilton Ara\u00fajo\/Esp.DP","og_url":"https:\/\/rededor2021.blendon.com.br\/en\/credits\/","og_site_name":"Rede D\u00b4Or","article_modified_time":"2022-06-02T21:41:01+00:00","og_image":[{"url":"https:\/\/rededor2021.blendon.com.br\/wp-content\/uploads\/2022\/05\/creditos-2.png"}],"twitter_card":"summary_large_image","twitter_misc":{"Est. reading time":"1 minute"},"schema":{"@context":"https:\/\/schema.org","@graph":[{"@type":"WebSite","@id":"https:\/\/rededor2021.blendon.com.br\/#website","url":"https:\/\/rededor2021.blendon.com.br\/","name":"Rede D\u00b4Or","description":"A maior rede integrada de cuidados em sa\u00fade no Brasil","potentialAction":[{"@type":"SearchAction","target":{"@type":"EntryPoint","urlTemplate":"https:\/\/rededor2021.blendon.com.br\/?s={search_term_string}"},"query-input":"required name=search_term_string"}],"inLanguage":"en-US"},{"@type":"ImageObject","@id":"https:\/\/rededor2021.blendon.com.br\/en\/credits\/#primaryimage","inLanguage":"en-US","url":"https:\/\/rededor2021.blendon.com.br\/wp-content\/uploads\/2022\/03\/imagem-header-default.jpg","contentUrl":"https:\/\/rededor2021.blendon.com.br\/wp-content\/uploads\/2022\/03\/imagem-header-default.jpg","width":1440,"height":400},{"@type":"WebPage","@id":"https:\/\/rededor2021.blendon.com.br\/en\/credits\/#webpage","url":"https:\/\/rededor2021.blendon.com.br\/en\/credits\/","name":"Credits - Rede D\u00b4Or","isPartOf":{"@id":"https:\/\/rededor2021.blendon.com.br\/#website"},"primaryImageOfPage":{"@id":"https:\/\/rededor2021.blendon.com.br\/en\/credits\/#primaryimage"},"datePublished":"2022-03-04T13:14:40+00:00","dateModified":"2022-06-02T21:41:01+00:00","breadcrumb":{"@id":"https:\/\/rededor2021.blendon.com.br\/en\/credits\/#breadcrumb"},"inLanguage":"en-US","potentialAction":[{"@type":"ReadAction","target":["https:\/\/rededor2021.blendon.com.br\/en\/credits\/"]}]},{"@type":"BreadcrumbList","@id":"https:\/\/rededor2021.blendon.com.br\/en\/credits\/#breadcrumb","itemListElement":[{"@type":"ListItem","position":1,"name":"In\u00edcio","item":"https:\/\/rededor2021.blendon.com.br\/en\/"},{"@type":"ListItem","position":2,"name":"Credits"}]}]}},"_links":{"self":[{"href":"https:\/\/rededor2021.blendon.com.br\/en\/wp-json\/wp\/v2\/pages\/5001"}],"collection":[{"href":"https:\/\/rededor2021.blendon.com.br\/en\/wp-json\/wp\/v2\/pages"}],"about":[{"href":"https:\/\/rededor2021.blendon.com.br\/en\/wp-json\/wp\/v2\/types\/page"}],"author":[{"embeddable":true,"href":"https:\/\/rededor2021.blendon.com.br\/en\/wp-json\/wp\/v2\/users\/2"}],"replies":[{"embeddable":true,"href":"https:\/\/rededor2021.blendon.com.br\/en\/wp-json\/wp\/v2\/comments?post=5001"}],"version-history":[{"count":4,"href":"https:\/\/rededor2021.blendon.com.br\/en\/wp-json\/wp\/v2\/pages\/5001\/revisions"}],"predecessor-version":[{"id":5186,"href":"https:\/\/rededor2021.blendon.com.br\/en\/wp-json\/wp\/v2\/pages\/5001\/revisions\/5186"}],"wp:featuredmedia":[{"embeddable":true,"href":"https:\/\/rededor2021.blendon.com.br\/en\/wp-json\/wp\/v2\/media\/4588"}],"wp:attachment":[{"href":"https:\/\/rededor2021.blendon.com.br\/en\/wp-json\/wp\/v2\/media?parent=5001"}],"curies":[{"name":"wp","href":"https:\/\/api.w.org\/{rel}","templated":true}]}}